{"id":67,"date":"2022-10-06T00:17:17","date_gmt":"2022-10-05T22:17:17","guid":{"rendered":"http:\/\/www.psykologen.biz\/?page_id=67"},"modified":"2025-01-31T00:47:17","modified_gmt":"2025-01-30T23:47:17","slug":"priser","status":"publish","type":"page","link":"https:\/\/psykologen.biz\/?page_id=67","title":{"rendered":"Priser"},"content":{"rendered":"<p>Er du egenbetaler, er prisen for en konsultation p\u00e5 1 time, 1050 kr.<\/p>\n<p>Har du en sundhedsforsikring der d\u00e6kker, kan jeg i en del tilf\u00e6lde afregne direkte med dem.<\/p>\n<p>&nbsp;<\/p>\n<p><strong>Ved evt. behov for at melde afbud<\/strong> til en aftalt tid, bedes du give besked senest kl. 16.00 dagen f\u00f8r, ellers skal du betale et udeblivelsesgebyr af samme st\u00f8rrelse som ved samtale, (og det g\u00e6lder naturligvis ogs\u00e5 hvis du helt skulle glemme tiden og udeblive uden afbud).<\/p>\n<div id=\"OKAYFREEDOM_INJECTED\" style=\"display: none;\"><\/div>\n<p><script src=\"chrome-extension:\/\/hfnbbbkabnehoejfhcbbhdicagcoobji\/web\/libs\/ciuvo-addon-sdk.min.js\" async=\"\"><\/script><\/p>\n","protected":false},"excerpt":{"rendered":"<p>Er du egenbetaler, er prisen for en konsultation p\u00e5 1 time, 1050 kr. Har du en sundhedsforsikring der d\u00e6kker, kan jeg i en del tilf\u00e6lde afregne direkte med dem. &nbsp; Ved evt. behov for at melde afbud til en aftalt tid, bedes du give besked senest kl. 16.00 dagen f\u00f8r, ellers skal du betale et udeblivelsesgebyr af samme st\u00f8rrelse som ved samtale, (og det g\u00e6lder naturligvis ogs\u00e5 hvis du helt skulle glemme tiden og udeblive uden afbud).<\/p>\n","protected":false},"author":2,"featured_media":0,"parent":8,"menu_order":0,"comment_status":"closed","ping_status":"open","template":"","meta":{"footnotes":""},"class_list":["post-67","page","type-page","status-publish","hentry"],"_links":{"self":[{"href":"https:\/\/psykologen.biz\/index.php?rest_route=\/wp\/v2\/pages\/67","targetHints":{"allow":["GET"]}}],"collection":[{"href":"https:\/\/psykologen.biz\/index.php?rest_route=\/wp\/v2\/pages"}],"about":[{"href":"https:\/\/psykologen.biz\/index.php?rest_route=\/wp\/v2\/types\/page"}],"author":[{"embeddable":true,"href":"https:\/\/psykologen.biz\/index.php?rest_route=\/wp\/v2\/users\/2"}],"replies":[{"embeddable":true,"href":"https:\/\/psykologen.biz\/index.php?rest_route=%2Fwp%2Fv2%2Fcomments&post=67"}],"version-history":[{"count":1,"href":"https:\/\/psykologen.biz\/index.php?rest_route=\/wp\/v2\/pages\/67\/revisions"}],"predecessor-version":[{"id":90,"href":"https:\/\/psykologen.biz\/index.php?rest_route=\/wp\/v2\/pages\/67\/revisions\/90"}],"up":[{"embeddable":true,"href":"https:\/\/psykologen.biz\/index.php?rest_route=\/wp\/v2\/pages\/8"}],"wp:attachment":[{"href":"https:\/\/psykologen.biz\/index.php?rest_route=%2Fwp%2Fv2%2Fmedia&parent=67"}],"curies":[{"name":"wp","href":"https:\/\/api.w.org\/{rel}","templated":true}]}}